{"id":7,"date":"2020-04-18T02:36:06","date_gmt":"2020-04-18T05:36:06","guid":{"rendered":"http:\/\/totalintegral.com.br\/?page_id=7"},"modified":"2022-09-20T12:07:29","modified_gmt":"2022-09-20T15:07:29","slug":"sobre","status":"publish","type":"page","link":"https:\/\/totalintegral.com.br\/?page_id=7","title":{"rendered":"Sobre"},"content":{"rendered":"<p>N\u00c3O ATENDEMOS,\u00a0 SURPREENDEMOS<\/p><p class=\"has-text-align-justify\">Somos apaixonados por Medicina e Sa\u00fade e, essa paix\u00e3o, nos tornou especialista no que fazemos.\u00a0<\/p><p class=\"has-text-align-justify\">A Total Integral responde a uma necessidade de melhoria do cuidado das pessoas. Atua com enfoque na Aten\u00e7\u00e3o Prim\u00e1ria \u00e0 Sa\u00fade (APS) e, para isso, disponibilizamos uma equipe dedicada e com olhar integral do indiv\u00edduo. <\/p><p><\/p>","protected":false},"excerpt":{"rendered":"<p>N\u00c3O ATENDEMOS,\u00a0 SURPREENDEMOS Somos apaixonados por Medicina e Sa\u00fade e, essa paix\u00e3o, nos tornou especialista no que fazemos.\u00a0 A Total Integral responde a uma necessidade de melhoria do cuidado das pessoas. Atua com enfoque na Aten\u00e7\u00e3o Prim\u00e1ria \u00e0 Sa\u00fade (APS) e, para isso, disponibilizamos uma equipe dedicada e com olhar integral do indiv\u00edduo.<\/p>\n","protected":false},"author":1,"featured_media":0,"parent":0,"menu_order":0,"comment_status":"closed","ping_status":"closed","template":"","meta":{"_bbp_topic_count":0,"_bbp_reply_count":0,"_bbp_total_topic_count":0,"_bbp_total_reply_count":0,"_bbp_voice_count":0,"_bbp_anonymous_reply_count":0,"_bbp_topic_count_hidden":0,"_bbp_reply_count_hidden":0,"_bbp_forum_subforum_count":0,"footnotes":""},"class_list":["post-7","page","type-page","status-publish","hentry","grid-sizer"],"jetpack_sharing_enabled":true,"_links":{"self":[{"href":"https:\/\/totalintegral.com.br\/index.php?rest_route=\/wp\/v2\/pages\/7","targetHints":{"allow":["GET"]}}],"collection":[{"href":"https:\/\/totalintegral.com.br\/index.php?rest_route=\/wp\/v2\/pages"}],"about":[{"href":"https:\/\/totalintegral.com.br\/index.php?rest_route=\/wp\/v2\/types\/page"}],"author":[{"embeddable":true,"href":"https:\/\/totalintegral.com.br\/index.php?rest_route=\/wp\/v2\/users\/1"}],"replies":[{"embeddable":true,"href":"https:\/\/totalintegral.com.br\/index.php?rest_route=%2Fwp%2Fv2%2Fcomments&post=7"}],"version-history":[{"count":7,"href":"https:\/\/totalintegral.com.br\/index.php?rest_route=\/wp\/v2\/pages\/7\/revisions"}],"predecessor-version":[{"id":98,"href":"https:\/\/totalintegral.com.br\/index.php?rest_route=\/wp\/v2\/pages\/7\/revisions\/98"}],"wp:attachment":[{"href":"https:\/\/totalintegral.com.br\/index.php?rest_route=%2Fwp%2Fv2%2Fmedia&parent=7"}],"curies":[{"name":"wp","href":"https:\/\/api.w.org\/{rel}","templated":true}]}}